{"id":11,"date":"2020-10-30T10:45:05","date_gmt":"2020-10-30T10:45:05","guid":{"rendered":"https:\/\/softlife.pucka.com.tr\/checkout\/"},"modified":"2020-10-30T10:45:05","modified_gmt":"2020-10-30T10:45:05","slug":"checkout","status":"publish","type":"page","link":"https:\/\/softlifevisco.com\/en\/checkout\/","title":{"rendered":"Checkout"},"content":{"rendered":"<p>[woocommerce_checkout]<\/p>\n","protected":false},"excerpt":{"rendered":"[woocommerce_checkout]","protected":false},"author":1,"featured_media":0,"parent":0,"menu_order":0,"comment_status":"closed","ping_status":"closed","template":"","meta":{"footnotes":""},"class_list":["post-11","page","type-page","status-publish","hentry"],"yoast_head":"<!-- This site is optimized with the Yoast SEO Premium plugin v20.1 (Yoast SEO v24.9) - https:\/\/yoast.com\/wordpress\/plugins\/seo\/ -->\n<title>Checkout | Softlife Memory Foam Products Manufacturer<\/title>\n<meta name=\"description\" content=\"Softlife Visko yast\u0131k \u00fcreticisi uyku yast\u0131klar\u0131, koltuk minderleri, seyahat yast\u0131klar\u0131, bebek yast\u0131klar\u0131, destek ve bel yast\u0131klar\u0131 \u00fcretir.\" \/>\n<meta name=\"robots\" content=\"index, follow, max-snippet:-1, max-image-preview:large, max-video-preview:-1\" \/>\n<link rel=\"canonical\" href=\"https:\/\/softlifevisco.com\/en\/checkout\/\" \/>\n<meta property=\"og:locale\" content=\"en_US\" \/>\n<meta property=\"og:type\" content=\"article\" \/>\n<meta property=\"og:title\" content=\"Checkout\" \/>\n<meta property=\"og:description\" content=\"Softlife Visko yast\u0131k \u00fcreticisi uyku yast\u0131klar\u0131, koltuk minderleri, seyahat yast\u0131klar\u0131, bebek yast\u0131klar\u0131, destek ve bel yast\u0131klar\u0131 \u00fcretir.\" \/>\n<meta property=\"og:url\" content=\"https:\/\/softlifevisco.com\/en\/checkout\/\" \/>\n<meta property=\"og:site_name\" content=\"Softlife Memory Foam Products Manufacturer\" \/>\n<meta property=\"article:publisher\" content=\"https:\/\/www.facebook.com\/softlifevisco\" \/>\n<meta name=\"twitter:card\" content=\"summary_large_image\" \/>\n<script type=\"application\/ld+json\" class=\"yoast-schema-graph\">{\"@context\":\"https:\/\/schema.org\",\"@graph\":[{\"@type\":\"WebPage\",\"@id\":\"https:\/\/softlifevisco.com\/en\/checkout\/\",\"url\":\"https:\/\/softlifevisco.com\/en\/checkout\/\",\"name\":\"Checkout | Softlife Memory Foam Products Manufacturer\",\"isPartOf\":{\"@id\":\"https:\/\/softlifevisco.com\/#website\"},\"datePublished\":\"2020-10-30T10:45:05+00:00\",\"description\":\"Softlife Visko yast\u0131k \u00fcreticisi uyku yast\u0131klar\u0131, koltuk minderleri, seyahat yast\u0131klar\u0131, bebek yast\u0131klar\u0131, destek ve bel yast\u0131klar\u0131 \u00fcretir.\",\"breadcrumb\":{\"@id\":\"https:\/\/softlifevisco.com\/en\/checkout\/#breadcrumb\"},\"inLanguage\":\"en-US\",\"potentialAction\":[{\"@type\":\"ReadAction\",\"target\":[\"https:\/\/softlifevisco.com\/en\/checkout\/\"]}]},{\"@type\":\"BreadcrumbList\",\"@id\":\"https:\/\/softlifevisco.com\/en\/checkout\/#breadcrumb\",\"itemListElement\":[{\"@type\":\"ListItem\",\"position\":1,\"name\":\"Home\",\"item\":\"https:\/\/softlifevisco.com\/en\/\"},{\"@type\":\"ListItem\",\"position\":2,\"name\":\"Checkout\"}]},{\"@type\":\"WebSite\",\"@id\":\"https:\/\/softlifevisco.com\/#website\",\"url\":\"https:\/\/softlifevisco.com\/\",\"name\":\"Softlife Memory Foam Products Manufacturer\",\"description\":\"Mattress &amp; Pillow Solutions\",\"publisher\":{\"@id\":\"https:\/\/softlifevisco.com\/#organization\"},\"potentialAction\":[{\"@type\":\"SearchAction\",\"target\":{\"@type\":\"EntryPoint\",\"urlTemplate\":\"https:\/\/softlifevisco.com\/?s={search_term_string}\"},\"query-input\":{\"@type\":\"PropertyValueSpecification\",\"valueRequired\":true,\"valueName\":\"search_term_string\"}}],\"inLanguage\":\"en-US\"},{\"@type\":\"Organization\",\"@id\":\"https:\/\/softlifevisco.com\/#organization\",\"name\":\"Softlife Visco Ortopedik Yast\u0131k \u00dcreticisi\",\"url\":\"https:\/\/softlifevisco.com\/\",\"logo\":{\"@type\":\"ImageObject\",\"inLanguage\":\"en-US\",\"@id\":\"https:\/\/softlifevisco.com\/#\/schema\/logo\/image\/\",\"url\":\"https:\/\/softlifevisco.com\/wp-content\/uploads\/2020\/12\/bursa-softlife-visco-yastik-alez-uretimi-logo.png\",\"contentUrl\":\"https:\/\/softlifevisco.com\/wp-content\/uploads\/2020\/12\/bursa-softlife-visco-yastik-alez-uretimi-logo.png\",\"width\":750,\"height\":255,\"caption\":\"Softlife Visco Ortopedik Yast\u0131k \u00dcreticisi\"},\"image\":{\"@id\":\"https:\/\/softlifevisco.com\/#\/schema\/logo\/image\/\"},\"sameAs\":[\"https:\/\/www.facebook.com\/softlifevisco\"]}]}<\/script>\n<!-- \/ Yoast SEO Premium plugin. -->","yoast_head_json":{"title":"Checkout | Softlife Memory Foam Products Manufacturer","description":"Softlife Visko yast\u0131k \u00fcreticisi uyku yast\u0131klar\u0131, koltuk minderleri, seyahat yast\u0131klar\u0131, bebek yast\u0131klar\u0131, destek ve bel yast\u0131klar\u0131 \u00fcretir.","robots":{"index":"index","follow":"follow","max-snippet":"max-snippet:-1","max-image-preview":"max-image-preview:large","max-video-preview":"max-video-preview:-1"},"canonical":"https:\/\/softlifevisco.com\/en\/checkout\/","og_locale":"en_US","og_type":"article","og_title":"Checkout","og_description":"Softlife Visko yast\u0131k \u00fcreticisi uyku yast\u0131klar\u0131, koltuk minderleri, seyahat yast\u0131klar\u0131, bebek yast\u0131klar\u0131, destek ve bel yast\u0131klar\u0131 \u00fcretir.","og_url":"https:\/\/softlifevisco.com\/en\/checkout\/","og_site_name":"Softlife Memory Foam Products Manufacturer","article_publisher":"https:\/\/www.facebook.com\/softlifevisco","twitter_card":"summary_large_image","schema":{"@context":"https:\/\/schema.org","@graph":[{"@type":"WebPage","@id":"https:\/\/softlifevisco.com\/en\/checkout\/","url":"https:\/\/softlifevisco.com\/en\/checkout\/","name":"Checkout | Softlife Memory Foam Products Manufacturer","isPartOf":{"@id":"https:\/\/softlifevisco.com\/#website"},"datePublished":"2020-10-30T10:45:05+00:00","description":"Softlife Visko yast\u0131k \u00fcreticisi uyku yast\u0131klar\u0131, koltuk minderleri, seyahat yast\u0131klar\u0131, bebek yast\u0131klar\u0131, destek ve bel yast\u0131klar\u0131 \u00fcretir.","breadcrumb":{"@id":"https:\/\/softlifevisco.com\/en\/checkout\/#breadcrumb"},"inLanguage":"en-US","potentialAction":[{"@type":"ReadAction","target":["https:\/\/softlifevisco.com\/en\/checkout\/"]}]},{"@type":"BreadcrumbList","@id":"https:\/\/softlifevisco.com\/en\/checkout\/#breadcrumb","itemListElement":[{"@type":"ListItem","position":1,"name":"Home","item":"https:\/\/softlifevisco.com\/en\/"},{"@type":"ListItem","position":2,"name":"Checkout"}]},{"@type":"WebSite","@id":"https:\/\/softlifevisco.com\/#website","url":"https:\/\/softlifevisco.com\/","name":"Softlife Memory Foam Products Manufacturer","description":"Mattress &amp; Pillow Solutions","publisher":{"@id":"https:\/\/softlifevisco.com\/#organization"},"potentialAction":[{"@type":"SearchAction","target":{"@type":"EntryPoint","urlTemplate":"https:\/\/softlifevisco.com\/?s={search_term_string}"},"query-input":{"@type":"PropertyValueSpecification","valueRequired":true,"valueName":"search_term_string"}}],"inLanguage":"en-US"},{"@type":"Organization","@id":"https:\/\/softlifevisco.com\/#organization","name":"Softlife Visco Ortopedik Yast\u0131k \u00dcreticisi","url":"https:\/\/softlifevisco.com\/","logo":{"@type":"ImageObject","inLanguage":"en-US","@id":"https:\/\/softlifevisco.com\/#\/schema\/logo\/image\/","url":"https:\/\/softlifevisco.com\/wp-content\/uploads\/2020\/12\/bursa-softlife-visco-yastik-alez-uretimi-logo.png","contentUrl":"https:\/\/softlifevisco.com\/wp-content\/uploads\/2020\/12\/bursa-softlife-visco-yastik-alez-uretimi-logo.png","width":750,"height":255,"caption":"Softlife Visco Ortopedik Yast\u0131k \u00dcreticisi"},"image":{"@id":"https:\/\/softlifevisco.com\/#\/schema\/logo\/image\/"},"sameAs":["https:\/\/www.facebook.com\/softlifevisco"]}]}},"_links":{"self":[{"href":"https:\/\/softlifevisco.com\/en\/wp-json\/wp\/v2\/pages\/11","targetHints":{"allow":["GET"]}}],"collection":[{"href":"https:\/\/softlifevisco.com\/en\/wp-json\/wp\/v2\/pages"}],"about":[{"href":"https:\/\/softlifevisco.com\/en\/wp-json\/wp\/v2\/types\/page"}],"author":[{"embeddable":true,"href":"https:\/\/softlifevisco.com\/en\/wp-json\/wp\/v2\/users\/1"}],"replies":[{"embeddable":true,"href":"https:\/\/softlifevisco.com\/en\/wp-json\/wp\/v2\/comments?post=11"}],"version-history":[{"count":0,"href":"https:\/\/softlifevisco.com\/en\/wp-json\/wp\/v2\/pages\/11\/revisions"}],"wp:attachment":[{"href":"https:\/\/softlifevisco.com\/en\/wp-json\/wp\/v2\/media?parent=11"}],"curies":[{"name":"wp","href":"https:\/\/api.w.org\/{rel}","templated":true}]}}