{"id":651,"date":"2017-06-27T06:20:05","date_gmt":"2017-06-27T06:20:05","guid":{"rendered":"http:\/\/dummy.xtemos.com\/woodmart\/demos\/?page_id=651"},"modified":"2025-10-02T16:22:00","modified_gmt":"2025-10-02T13:22:00","slug":"contact","status":"publish","type":"page","link":"https:\/\/softlifevisco.com\/en\/contact\/","title":{"rendered":"Contact"},"content":{"rendered":"<div class=\"wpb-content-wrapper\"><p>[vc_row full_width=&#8221;stretch_row_content&#8221; css=&#8221;.vc_custom_1605688436693{padding-top: 200px !important;padding-bottom: 100px !important;background-image: url(https:\/\/softlifevisco.com\/wp-content\/uploads\/revslider\/slider-parallax\/wood-parallax-slider-2d.jpg?id=3052) !important;background-position: center !important;background-repeat: no-repeat !important;background-size: cover !important;}&#8221; mobile_bg_img_hidden=&#8221;no&#8221; tablet_bg_img_hidden=&#8221;no&#8221; woodmart_parallax=&#8221;0&#8243; woodmart_gradient_switch=&#8221;no&#8221; row_reverse_mobile=&#8221;0&#8243; row_reverse_tablet=&#8221;0&#8243; woodmart_disable_overflow=&#8221;0&#8243;][vc_column][vc_column_text text_larger=&#8221;no&#8221;]<\/p>\n<h1 style=\"text-align: center; font-size: 45px; color: #fff;\">CONTACT US<\/h1>\n<p>[\/vc_column_text][\/vc_column][\/vc_row][vc_row equal_height=&#8221;yes&#8221; css_animation=&#8221;fadeIn&#8221; css=&#8221;.vc_custom_1605106326540{margin-right: -40px !important;margin-left: -40px !important;}&#8221; mobile_bg_img_hidden=&#8221;no&#8221; tablet_bg_img_hidden=&#8221;no&#8221; woodmart_parallax=&#8221;0&#8243; woodmart_gradient_switch=&#8221;no&#8221; row_reverse_mobile=&#8221;0&#8243; row_reverse_tablet=&#8221;0&#8243; woodmart_disable_overflow=&#8221;0&#8243;][vc_column offset=&#8221;vc_col-lg-6 vc_col-md-6&#8243; css=&#8221;.vc_custom_1496932335926{border-right-width: 1px !important;padding-top: 20px !important;padding-right: 40px !important;padding-bottom: 10px !important;padding-left: 40px !important;border-right-color: rgba(129,129,129,0.2) !important;border-right-style: solid !important;}&#8221;]\n\t\t<div id=\"wd-69e1ba5b3a1b7\" class=\"title-wrapper wd-wpb wd-set-mb reset-last-child  wd-title-color-default wd-title-style-bordered text-left vc_custom_1484242758590 wd-underline-colored\">\n\t\t\t\n\t\t\t<div class=\"liner-continer\">\n\t\t\t\t<h4 class=\"woodmart-title-container title  wd-font-weight- wd-fontsize-l\" >SEND US AN EMAIL<\/h4>\n\t\t\t\t\t\t\t<\/div>\n\t\t\t\n\t\t\t\n\t\t\t\n\t\t<\/div>\n\t\t\n\t\t\n<div class=\"wpcf7 no-js\" id=\"wpcf7-f608-o1\" lang=\"en-US\" dir=\"ltr\" data-wpcf7-id=\"608\">\n<div class=\"screen-reader-response\"><p role=\"status\" aria-live=\"polite\" aria-atomic=\"true\"><\/p> <ul><\/ul><\/div>\n<form action=\"\/en\/wp-json\/wp\/v2\/pages\/651#wpcf7-f608-o1\" method=\"post\" class=\"wpcf7-form init\" aria-label=\"Contact form\" novalidate=\"novalidate\" data-status=\"init\">\n<div style=\"display: none;\">\n<input type=\"hidden\" name=\"_wpcf7\" value=\"608\" \/>\n<input type=\"hidden\" name=\"_wpcf7_version\" value=\"6.0.6\" \/>\n<input type=\"hidden\" name=\"_wpcf7_locale\" value=\"en_US\" \/>\n<input type=\"hidden\" name=\"_wpcf7_unit_tag\" value=\"wpcf7-f608-o1\" \/>\n<input type=\"hidden\" name=\"_wpcf7_container_post\" value=\"0\" \/>\n<input type=\"hidden\" name=\"_wpcf7_posted_data_hash\" value=\"\" \/>\n<\/div>\n<div class=\"row\">\n\t<div class=\"col-md-6\" style='margin-bottom:20px;'>\n\t\t<p><label>Your Name<\/label><span class=\"wpcf7-form-control-wrap\" data-name=\"your-name\"><input size=\"40\" maxlength=\"400\" class=\"wpcf7-form-control wpcf7-text wpcf7-validates-as-required\" aria-required=\"true\" aria-invalid=\"false\" value=\"\" type=\"text\" name=\"your-name\" \/><\/span>\n\t\t<\/p>\n\t<\/div>\n\t<div class=\"col-md-6\" style='margin-bottom:20px;'>\n\t\t<p><label>Your Email<\/label><span class=\"wpcf7-form-control-wrap\" data-name=\"your-email\"><input size=\"40\" maxlength=\"400\" class=\"wpcf7-form-control wpcf7-email wpcf7-validates-as-required wpcf7-text wpcf7-validates-as-email\" aria-required=\"true\" aria-invalid=\"false\" value=\"\" type=\"email\" name=\"your-email\" \/><\/span>\n\t\t<\/p>\n\t<\/div>\n<\/div>\n<div class=\"row\">\n\t<div class=\"col-md-6\" style='margin-bottom:20px;'>\n\t\t<p><label>Phone Number<\/label><span class=\"wpcf7-form-control-wrap\" data-name=\"tel-767\"><input size=\"40\" maxlength=\"400\" class=\"wpcf7-form-control wpcf7-tel wpcf7-text wpcf7-validates-as-tel\" aria-invalid=\"false\" value=\"\" type=\"tel\" name=\"tel-767\" \/><\/span>\n\t\t<\/p>\n\t<\/div>\n\t<div class=\"col-md-6\" style='margin-bottom:20px;'>\n\t\t<p><label>Company<\/label><span class=\"wpcf7-form-control-wrap\" data-name=\"text-1\"><input size=\"40\" maxlength=\"400\" class=\"wpcf7-form-control wpcf7-text\" aria-invalid=\"false\" value=\"\" type=\"text\" name=\"text-1\" \/><\/span>\n\t\t<\/p>\n\t<\/div>\n<\/div>\n<p><label>Your Message<\/label><span class=\"wpcf7-form-control-wrap\" data-name=\"your-message\"><textarea cols=\"40\" rows=\"10\" maxlength=\"2000\" class=\"wpcf7-form-control wpcf7-textarea\" aria-invalid=\"false\" name=\"your-message\"><\/textarea><\/span>\n<\/p>\n<div id=\"cf7sr-69e1ba5b3b2a2\" class=\"cf7sr-g-recaptcha\" data-theme=\"light\" data-type=\"image\" data-size=\"normal\" data-sitekey=\"6LdDBlwaAAAAAGeNWWQcxultCuOQ0P021ti1_3Xz\"><\/div><span class=\"wpcf7-form-control-wrap cf7sr-recaptcha\" data-name=\"cf7sr-recaptcha\"><input type=\"hidden\" name=\"cf7sr-recaptcha\" value=\"\" class=\"wpcf7-form-control\"><\/span>\n<\/p>\n<p><input class=\"wpcf7-form-control wpcf7-submit has-spinner btn-color-black\" type=\"submit\" value=\"ASK A QUESTION\" \/>\n<\/p><div class=\"wpcf7-response-output\" aria-hidden=\"true\"><\/div>\n<\/form>\n<\/div>\n[\/vc_column][vc_column offset=&#8221;vc_col-lg-6 vc_col-md-6&#8243; css=&#8221;.vc_custom_1496932331302{padding-top: 20px !important;padding-right: 40px !important;padding-bottom: 10px !important;padding-left: 40px !important;}&#8221;]\n\t\t<div id=\"wd-5fabf988c491f\" class=\"title-wrapper wd-wpb wd-set-mb reset-last-child  wd-rs-5fabf988c491f wd-title-color-default wd-title-style-bordered text-left vc_custom_1605106070952 wd-underline-colored\">\n\t\t\t\n\t\t\t<div class=\"liner-continer\">\n\t\t\t\t<h4 class=\"woodmart-title-container title  wd-font-weight- wd-fontsize-l\" >OUR LOCATION<\/h4>\n\t\t\t\t\t\t\t<\/div>\n\t\t\t\n\t\t\t\n\t\t\t\n\t\t<\/div>\n\t\t\n\t\t[vc_column_text text_larger=&#8221;no&#8221; woodmart_inline=&#8221;no&#8221;]<iframe style=\"border: 0;\" tabindex=\"0\" src=\"https:\/\/www.google.com\/maps\/embed?pb=!1m17!1m12!1m3!1d269.4335050476576!2d28.832017397455125!3d40.180311637415606!2m3!1f0!2f0!3f0!3m2!1i1024!2i768!4f13.1!3m2!1m1!2zNDDCsDEwJzQ5LjMiTiAyOMKwNDknNTUuNyJF!5e0!3m2!1str!2str!4v1707496201634!5m2!1str!2str\" width=\"100%\" height=\"350px\" frameborder=\"0\" allowfullscreen=\"allowfullscreen\" aria-hidden=\"false\"><\/iframe>[\/vc_column_text]\n\t\t<div id=\"wd-69e1ba5b3b37d\" class=\"title-wrapper wd-wpb wd-set-mb reset-last-child  wd-title-color-default wd-title-style-bordered text-left vc_custom_1484253141262 wd-underline-colored\">\n\t\t\t\n\t\t\t<div class=\"liner-continer\">\n\t\t\t\t<h4 class=\"woodmart-title-container title  wd-font-weight- wd-fontsize-l\" >CONTACT US<\/h4>\n\t\t\t\t\t\t\t<\/div>\n\t\t\t\n\t\t\t\n\t\t\t\n\t\t<\/div>\n\t\t\n\t\t[vc_row_inner css=&#8221;.vc_custom_1484253288811{margin-bottom: 0px !important;}&#8221;][vc_column_inner width=&#8221;1\/2&#8243;]\t\t\t<div class=\"info-box-wrapper\">\n\t\t\t\t<div id=\"wd-65c64d7b9f2d7\" class=\" wd-rs-65c64d7b9f2d7 wd-info-box wd-wpb text-left box-icon-align-left box-style- color-scheme- wd-bg-none wd-items-top vc_custom_1707494789879\">\n\t\t\t\t\t\t\t\t\t\t\t<div class=\"box-icon-wrapper  box-with-icon box-icon-simple\">\n\t\t\t\t\t\t\t<div class=\"info-box-icon\">\n\n\t\t\t\t\t\t\t\n\t\t\t\t\t\t\t\t\t\t\t\t\t\t\t\t\t<div class=\"info-svg-wrapper\" style=\"width: 40px;height: 40px;\"><img decoding=\"async\" class=\"\"  src=\"https:\/\/softlifevisco.com\/wp-content\/themes\/woodmart\/images\/lazy.svg\" data-wood-src=\"https:\/\/softlifevisco.com\/wp-content\/uploads\/2017\/06\/corp-icon-compass-1.svg\" title=\"corp-icon-compass-1\" width=\"40\" height=\"40\"><\/div>\t\t\t\t\t\t\t\t\t\t\t\t\t\t\t\n\t\t\t\t\t\t\t<\/div>\n\t\t\t\t\t\t<\/div>\n\t\t\t\t\t\t\t\t\t\t<div class=\"info-box-content\">\n\t\t\t\t\t\t\t\t\t\t\t\t<div class=\"info-box-inner reset-last-child\"><p><span style=\"color: #333333;\"><strong>Adress:<\/strong><\/span> Kayapa Organize Sanayi B\u00f6lgesi Karanfil Cad. No:6\u00a0 Nil\u00fcfer\/Bursa\/T\u00dcRK\u0130YE<\/p>\n<\/div>\n\n\t\t\t\t\t\t\t\t\t\t\t<\/div>\n\n\t\t\t\t\t\n\t\t\t\t\t\t\t\t\t<\/div>\n\t\t\t<\/div>\n\t\t\t\t\t<div class=\"info-box-wrapper\">\n\t\t\t\t<div id=\"wd-5fdc692fcb354\" class=\" wd-rs-5fdc692fcb354 wd-info-box wd-wpb text-left box-icon-align-left box-style- color-scheme- wd-bg-none wd-items-top vc_custom_1608280377710\">\n\t\t\t\t\t\t\t\t\t\t\t<div class=\"box-icon-wrapper  box-with-icon box-icon-simple\">\n\t\t\t\t\t\t\t<div class=\"info-box-icon\">\n\n\t\t\t\t\t\t\t\n\t\t\t\t\t\t\t\t\t\t\t\t\t\t\t\t\t<div class=\"info-svg-wrapper\" style=\"width: 40px;height: 40px;\"><img decoding=\"async\" class=\"\"  src=\"https:\/\/softlifevisco.com\/wp-content\/themes\/woodmart\/images\/lazy.svg\" data-wood-src=\"https:\/\/softlifevisco.com\/wp-content\/uploads\/2020\/12\/bursa-softlife-memory-foam-pillow-production-free-shipping.svg\" title=\"bursa-softlife-memory-foam-pillow-production-free-shipping\" width=\"40\" height=\"40\"><\/div>\t\t\t\t\t\t\t\t\t\t\t\t\t\t\t\n\t\t\t\t\t\t\t<\/div>\n\t\t\t\t\t\t<\/div>\n\t\t\t\t\t\t\t\t\t\t<div class=\"info-box-content\">\n\t\t\t\t\t\t\t\t\t\t\t\t<div class=\"info-box-inner reset-last-child\"><p><b>Free shipment on all orders.<\/b><\/p>\n<\/div>\n\n\t\t\t\t\t\t\t\t\t\t\t<\/div>\n\n\t\t\t\t\t\n\t\t\t\t\t\t\t\t\t<\/div>\n\t\t\t<\/div>\n\t\t[\/vc_column_inner][vc_column_inner width=&#8221;1\/2&#8243;]\t\t\t<div class=\"info-box-wrapper\">\n\t\t\t\t<div id=\"wd-68de7c6966b50\" class=\" wd-rs-68de7c6966b50 wd-info-box wd-wpb text-left box-icon-align-left box-style- color-scheme- wd-bg-none wd-items-top vc_custom_1759411314277\">\n\t\t\t\t\t\t\t\t\t\t\t<div class=\"box-icon-wrapper  box-with-icon box-icon-simple\">\n\t\t\t\t\t\t\t<div class=\"info-box-icon\">\n\n\t\t\t\t\t\t\t\n\t\t\t\t\t\t\t\t\t\t\t\t\t\t\t\t\t<div class=\"info-svg-wrapper\" style=\"width: 40px;height: 40px;\"><img decoding=\"async\" class=\"\"  src=\"https:\/\/softlifevisco.com\/wp-content\/themes\/woodmart\/images\/lazy.svg\" data-wood-src=\"https:\/\/softlifevisco.com\/wp-content\/uploads\/2017\/06\/cellphone.svg\" title=\"cellphone\" width=\"40\" height=\"40\"><\/div>\t\t\t\t\t\t\t\t\t\t\t\t\t\t\t\n\t\t\t\t\t\t\t<\/div>\n\t\t\t\t\t\t<\/div>\n\t\t\t\t\t\t\t\t\t\t<div class=\"info-box-content\">\n\t\t\t\t\t\t\t\t\t\t\t\t<div class=\"info-box-inner reset-last-child\"><p><span style=\"color: #333333;\"><strong>Phone:<\/strong><\/span> +90 538 693 50 53<br \/>\n<span style=\"color: #333333;\"><strong>Email:<\/strong><\/span> export@softlifevisco.com<\/p>\n<\/div>\n\n\t\t\t\t\t\t\t\t\t\t\t<\/div>\n\n\t\t\t\t\t\n\t\t\t\t\t\t\t\t\t<\/div>\n\t\t\t<\/div>\n\t\t\t\t\t<div class=\"info-box-wrapper\">\n\t\t\t\t<div id=\"wd-5fdc69011767c\" class=\" wd-rs-5fdc69011767c wd-info-box wd-wpb text-left box-icon-align-left box-style- color-scheme- wd-bg-none wd-items-top vc_custom_1608280336157\">\n\t\t\t\t\t\t\t\t\t\t\t<div class=\"box-icon-wrapper  box-with-icon box-icon-simple\">\n\t\t\t\t\t\t\t<div class=\"info-box-icon\">\n\n\t\t\t\t\t\t\t\n\t\t\t\t\t\t\t\t\t\t\t\t\t\t\t\t\t<div class=\"info-svg-wrapper\" style=\"width: 40px;height: 40px;\"><img decoding=\"async\" class=\"\"  src=\"https:\/\/softlifevisco.com\/wp-content\/themes\/woodmart\/images\/lazy.svg\" data-wood-src=\"https:\/\/softlifevisco.com\/wp-content\/uploads\/2020\/12\/bursa-softlife-memory-foam-pillow-production-724-support.svg\" title=\"bursa-softlife-memory-foam-pillow-production-724-support\" width=\"40\" height=\"40\"><\/div>\t\t\t\t\t\t\t\t\t\t\t\t\t\t\t\n\t\t\t\t\t\t\t<\/div>\n\t\t\t\t\t\t<\/div>\n\t\t\t\t\t\t\t\t\t\t<div class=\"info-box-content\">\n\t\t\t\t\t\t\t\t\t\t\t\t<div class=\"info-box-inner reset-last-child\"><p><b>7\/24 customer support.<\/b><\/p>\n<\/div>\n\n\t\t\t\t\t\t\t\t\t\t\t<\/div>\n\n\t\t\t\t\t\n\t\t\t\t\t\t\t\t\t<\/div>\n\t\t\t<\/div>\n\t\t[\/vc_column_inner][\/vc_row_inner][vc_separator css=&#8221;.vc_custom_1484254145420{margin-bottom: 30px !important;}&#8221;][vc_column_text css=&#8221;.vc_custom_1608280397930{margin-bottom: 0px !important;}&#8221; text_larger=&#8221;no&#8221;]<span style=\"color: #333333;\"><strong>Do you have questions about how we can help your business?<br \/>\n<a href=\"mailto:info@softlifevisco.com\"><span class=\"color-primary\">Send us an email and we\u2019ll get in touch shortly.<\/span><\/a><\/strong><\/span>[\/vc_column_text][\/vc_column][\/vc_row][vc_row disable_element=&#8221;yes&#8221; mobile_bg_img_hidden=&#8221;no&#8221; tablet_bg_img_hidden=&#8221;no&#8221; woodmart_parallax=&#8221;0&#8243; woodmart_gradient_switch=&#8221;no&#8221; row_reverse_mobile=&#8221;0&#8243; row_reverse_tablet=&#8221;0&#8243; woodmart_disable_overflow=&#8221;0&#8243;][vc_column]\t\t\t<div class=\"info-box-wrapper\">\n\t\t\t\t<div id=\"wd-69e1ba5b3fa75\" class=\" wd-info-box wd-wpb text-left box-icon-align-left box-style- color-scheme- wd-bg-none wd-items-top vc_custom_1498543943297\">\n\t\t\t\t\t\t\t\t\t\t\t<div class=\"box-icon-wrapper  box-with-icon box-icon-simple\">\n\t\t\t\t\t\t\t<div class=\"info-box-icon\">\n\n\t\t\t\t\t\t\t\n\t\t\t\t\t\t\t\t\t\t\t\t\t\t\t\t\t<div class=\"info-svg-wrapper\" style=\"width: 45px;height: 45px;\"><img decoding=\"async\" class=\"\"  src=\"https:\/\/softlifevisco.com\/wp-content\/themes\/woodmart\/images\/lazy.svg\" data-wood-src=\"https:\/\/softlifevisco.com\/wp-content\/uploads\/2017\/06\/cellphone.svg\" title=\"cellphone\" width=\"45\" height=\"45\"><\/div>\t\t\t\t\t\t\t\t\t\t\t\t\t\t\t\n\t\t\t\t\t\t\t<\/div>\n\t\t\t\t\t\t<\/div>\n\t\t\t\t\t\t\t\t\t\t<div class=\"info-box-content\">\n\t\t\t\t\t\t\t\t\t\t\t\t<div class=\"info-box-inner reset-last-child\"><p><span style=\"color: #333333;\"><strong>Support forum<\/strong><\/span><br \/>\n<span style=\"color: #333333;\"><strong>for over 24h<\/strong><\/span><\/p>\n<\/div>\n\n\t\t\t\t\t\t\t\t\t\t\t<\/div>\n\n\t\t\t\t\t\n\t\t\t\t\t\t\t\t\t<\/div>\n\t\t\t<\/div>\n\t\t\t\t\t<div class=\"info-box-wrapper\">\n\t\t\t\t<div id=\"wd-69e1ba5b3fd98\" class=\" wd-info-box wd-wpb text-left box-icon-align-left box-style- color-scheme- wd-bg-none wd-items-top vc_custom_1498543954501\">\n\t\t\t\t\t\t\t\t\t\t\t<div class=\"box-icon-wrapper  box-with-icon box-icon-simple\">\n\t\t\t\t\t\t\t<div class=\"info-box-icon\">\n\n\t\t\t\t\t\t\t\n\t\t\t\t\t\t\t\t\t\t\t\t\t\t\t\t\t<div class=\"info-svg-wrapper\" style=\"width: 40px;height: 40px;\"><img decoding=\"async\" class=\"\"  src=\"https:\/\/softlifevisco.com\/wp-content\/themes\/woodmart\/images\/lazy.svg\" data-wood-src=\"https:\/\/softlifevisco.com\/wp-content\/uploads\/2017\/06\/cellphone.svg\" title=\"cellphone\" width=\"40\" height=\"40\"><\/div>\t\t\t\t\t\t\t\t\t\t\t\t\t\t\t\n\t\t\t\t\t\t\t<\/div>\n\t\t\t\t\t\t<\/div>\n\t\t\t\t\t\t\t\t\t\t<div class=\"info-box-content\">\n\t\t\t\t\t\t\t\t\t\t\t\t<div class=\"info-box-inner reset-last-child\"><p><span style=\"color: #333333;\"><strong>Free standard shipping<\/strong><\/span><br \/>\n<span style=\"color: #333333;\"><strong>on all orders.<\/strong><\/span><\/p>\n<\/div>\n\n\t\t\t\t\t\t\t\t\t\t\t<\/div>\n\n\t\t\t\t\t\n\t\t\t\t\t\t\t\t\t<\/div>\n\t\t\t<\/div>\n\t\t[\/vc_column][\/vc_row]<\/p>\n<\/div>","protected":false},"excerpt":{"rendered":"<p>[vc_row full_width=&#8221;stretch_row_content&#8221; css=&#8221;.vc_custom_1605688436693{padding-top: 200px !important;padding-bottom: 100px !important;background-image: url(https:\/\/softlifevisco.com\/wp-content\/uploads\/revslider\/slider-parallax\/wood-parallax-slider-2d.jpg?id=3052) !important;background-position: center !important;background-repeat: no-repeat !important;background-size: cover !important;}&#8221; mobile_bg_img_hidden=&#8221;no&#8221; tablet_bg_img_hidden=&#8221;no&#8221; woodmart_parallax=&#8221;0&#8243; woodmart_gradient_switch=&#8221;no&#8221; row_reverse_mobile=&#8221;0&#8243;<\/p>\n","protected":false},"author":1,"featured_media":0,"parent":0,"menu_order":0,"comment_status":"closed","ping_status":"closed","template":"","meta":{"footnotes":""},"class_list":["post-651","page","type-page","status-publish","hentry"],"yoast_head":"<!-- This site is optimized with the Yoast SEO Premium plugin v20.1 (Yoast SEO v24.9) - https:\/\/yoast.com\/wordpress\/plugins\/seo\/ -->\n<title>Contact | Softlife Memory Foam Products Manufacturer<\/title>\n<meta name=\"description\" content=\"Softlife Visko yast\u0131k \u00fcreticisi uyku yast\u0131klar\u0131, koltuk minderleri, seyahat yast\u0131klar\u0131, bebek yast\u0131klar\u0131, destek ve bel yast\u0131klar\u0131 \u00fcretir.\" \/>\n<meta name=\"robots\" content=\"index, follow, max-snippet:-1, max-image-preview:large, max-video-preview:-1\" \/>\n<link rel=\"canonical\" href=\"https:\/\/softlifevisco.com\/en\/contact\/\" \/>\n<meta property=\"og:locale\" content=\"en_US\" \/>\n<meta property=\"og:type\" content=\"article\" \/>\n<meta property=\"og:title\" content=\"Contact\" \/>\n<meta property=\"og:description\" content=\"Softlife Visko yast\u0131k \u00fcreticisi uyku yast\u0131klar\u0131, koltuk minderleri, seyahat yast\u0131klar\u0131, bebek yast\u0131klar\u0131, destek ve bel yast\u0131klar\u0131 \u00fcretir.\" \/>\n<meta property=\"og:url\" content=\"https:\/\/softlifevisco.com\/en\/contact\/\" \/>\n<meta property=\"og:site_name\" content=\"Softlife Memory Foam Products Manufacturer\" \/>\n<meta property=\"article:publisher\" content=\"https:\/\/www.facebook.com\/softlifevisco\" \/>\n<meta property=\"article:modified_time\" content=\"2025-10-02T13:22:00+00:00\" \/>\n<meta name=\"twitter:card\" content=\"summary_large_image\" \/>\n<meta name=\"twitter:label1\" content=\"Est. reading time\" \/>\n\t<meta name=\"twitter:data1\" content=\"3 minutes\" \/>\n<script type=\"application\/ld+json\" class=\"yoast-schema-graph\">{\"@context\":\"https:\/\/schema.org\",\"@graph\":[{\"@type\":\"WebPage\",\"@id\":\"https:\/\/softlifevisco.com\/en\/contact\/\",\"url\":\"https:\/\/softlifevisco.com\/en\/contact\/\",\"name\":\"Contact | Softlife Memory Foam Products Manufacturer\",\"isPartOf\":{\"@id\":\"https:\/\/softlifevisco.com\/#website\"},\"datePublished\":\"2017-06-27T06:20:05+00:00\",\"dateModified\":\"2025-10-02T13:22:00+00:00\",\"description\":\"Softlife Visko yast\u0131k \u00fcreticisi uyku yast\u0131klar\u0131, koltuk minderleri, seyahat yast\u0131klar\u0131, bebek yast\u0131klar\u0131, destek ve bel yast\u0131klar\u0131 \u00fcretir.\",\"breadcrumb\":{\"@id\":\"https:\/\/softlifevisco.com\/en\/contact\/#breadcrumb\"},\"inLanguage\":\"en-US\",\"potentialAction\":[{\"@type\":\"ReadAction\",\"target\":[\"https:\/\/softlifevisco.com\/en\/contact\/\"]}]},{\"@type\":\"BreadcrumbList\",\"@id\":\"https:\/\/softlifevisco.com\/en\/contact\/#breadcrumb\",\"itemListElement\":[{\"@type\":\"ListItem\",\"position\":1,\"name\":\"Home\",\"item\":\"https:\/\/softlifevisco.com\/en\/\"},{\"@type\":\"ListItem\",\"position\":2,\"name\":\"Contact\"}]},{\"@type\":\"WebSite\",\"@id\":\"https:\/\/softlifevisco.com\/#website\",\"url\":\"https:\/\/softlifevisco.com\/\",\"name\":\"Softlife Memory Foam Products Manufacturer\",\"description\":\"Mattress &amp; Pillow Solutions\",\"publisher\":{\"@id\":\"https:\/\/softlifevisco.com\/#organization\"},\"potentialAction\":[{\"@type\":\"SearchAction\",\"target\":{\"@type\":\"EntryPoint\",\"urlTemplate\":\"https:\/\/softlifevisco.com\/?s={search_term_string}\"},\"query-input\":{\"@type\":\"PropertyValueSpecification\",\"valueRequired\":true,\"valueName\":\"search_term_string\"}}],\"inLanguage\":\"en-US\"},{\"@type\":\"Organization\",\"@id\":\"https:\/\/softlifevisco.com\/#organization\",\"name\":\"Softlife Visco Ortopedik Yast\u0131k \u00dcreticisi\",\"url\":\"https:\/\/softlifevisco.com\/\",\"logo\":{\"@type\":\"ImageObject\",\"inLanguage\":\"en-US\",\"@id\":\"https:\/\/softlifevisco.com\/#\/schema\/logo\/image\/\",\"url\":\"https:\/\/softlifevisco.com\/wp-content\/uploads\/2020\/12\/bursa-softlife-visco-yastik-alez-uretimi-logo.png\",\"contentUrl\":\"https:\/\/softlifevisco.com\/wp-content\/uploads\/2020\/12\/bursa-softlife-visco-yastik-alez-uretimi-logo.png\",\"width\":750,\"height\":255,\"caption\":\"Softlife Visco Ortopedik Yast\u0131k \u00dcreticisi\"},\"image\":{\"@id\":\"https:\/\/softlifevisco.com\/#\/schema\/logo\/image\/\"},\"sameAs\":[\"https:\/\/www.facebook.com\/softlifevisco\"]}]}<\/script>\n<!-- \/ Yoast SEO Premium plugin. -->","yoast_head_json":{"title":"Contact | Softlife Memory Foam Products Manufacturer","description":"Softlife Visko yast\u0131k \u00fcreticisi uyku yast\u0131klar\u0131, koltuk minderleri, seyahat yast\u0131klar\u0131, bebek yast\u0131klar\u0131, destek ve bel yast\u0131klar\u0131 \u00fcretir.","robots":{"index":"index","follow":"follow","max-snippet":"max-snippet:-1","max-image-preview":"max-image-preview:large","max-video-preview":"max-video-preview:-1"},"canonical":"https:\/\/softlifevisco.com\/en\/contact\/","og_locale":"en_US","og_type":"article","og_title":"Contact","og_description":"Softlife Visko yast\u0131k \u00fcreticisi uyku yast\u0131klar\u0131, koltuk minderleri, seyahat yast\u0131klar\u0131, bebek yast\u0131klar\u0131, destek ve bel yast\u0131klar\u0131 \u00fcretir.","og_url":"https:\/\/softlifevisco.com\/en\/contact\/","og_site_name":"Softlife Memory Foam Products Manufacturer","article_publisher":"https:\/\/www.facebook.com\/softlifevisco","article_modified_time":"2025-10-02T13:22:00+00:00","twitter_card":"summary_large_image","twitter_misc":{"Est. reading time":"3 minutes"},"schema":{"@context":"https:\/\/schema.org","@graph":[{"@type":"WebPage","@id":"https:\/\/softlifevisco.com\/en\/contact\/","url":"https:\/\/softlifevisco.com\/en\/contact\/","name":"Contact | Softlife Memory Foam Products Manufacturer","isPartOf":{"@id":"https:\/\/softlifevisco.com\/#website"},"datePublished":"2017-06-27T06:20:05+00:00","dateModified":"2025-10-02T13:22:00+00:00","description":"Softlife Visko yast\u0131k \u00fcreticisi uyku yast\u0131klar\u0131, koltuk minderleri, seyahat yast\u0131klar\u0131, bebek yast\u0131klar\u0131, destek ve bel yast\u0131klar\u0131 \u00fcretir.","breadcrumb":{"@id":"https:\/\/softlifevisco.com\/en\/contact\/#breadcrumb"},"inLanguage":"en-US","potentialAction":[{"@type":"ReadAction","target":["https:\/\/softlifevisco.com\/en\/contact\/"]}]},{"@type":"BreadcrumbList","@id":"https:\/\/softlifevisco.com\/en\/contact\/#breadcrumb","itemListElement":[{"@type":"ListItem","position":1,"name":"Home","item":"https:\/\/softlifevisco.com\/en\/"},{"@type":"ListItem","position":2,"name":"Contact"}]},{"@type":"WebSite","@id":"https:\/\/softlifevisco.com\/#website","url":"https:\/\/softlifevisco.com\/","name":"Softlife Memory Foam Products Manufacturer","description":"Mattress &amp; Pillow Solutions","publisher":{"@id":"https:\/\/softlifevisco.com\/#organization"},"potentialAction":[{"@type":"SearchAction","target":{"@type":"EntryPoint","urlTemplate":"https:\/\/softlifevisco.com\/?s={search_term_string}"},"query-input":{"@type":"PropertyValueSpecification","valueRequired":true,"valueName":"search_term_string"}}],"inLanguage":"en-US"},{"@type":"Organization","@id":"https:\/\/softlifevisco.com\/#organization","name":"Softlife Visco Ortopedik Yast\u0131k \u00dcreticisi","url":"https:\/\/softlifevisco.com\/","logo":{"@type":"ImageObject","inLanguage":"en-US","@id":"https:\/\/softlifevisco.com\/#\/schema\/logo\/image\/","url":"https:\/\/softlifevisco.com\/wp-content\/uploads\/2020\/12\/bursa-softlife-visco-yastik-alez-uretimi-logo.png","contentUrl":"https:\/\/softlifevisco.com\/wp-content\/uploads\/2020\/12\/bursa-softlife-visco-yastik-alez-uretimi-logo.png","width":750,"height":255,"caption":"Softlife Visco Ortopedik Yast\u0131k \u00dcreticisi"},"image":{"@id":"https:\/\/softlifevisco.com\/#\/schema\/logo\/image\/"},"sameAs":["https:\/\/www.facebook.com\/softlifevisco"]}]}},"_links":{"self":[{"href":"https:\/\/softlifevisco.com\/en\/wp-json\/wp\/v2\/pages\/651","targetHints":{"allow":["GET"]}}],"collection":[{"href":"https:\/\/softlifevisco.com\/en\/wp-json\/wp\/v2\/pages"}],"about":[{"href":"https:\/\/softlifevisco.com\/en\/wp-json\/wp\/v2\/types\/page"}],"author":[{"embeddable":true,"href":"https:\/\/softlifevisco.com\/en\/wp-json\/wp\/v2\/users\/1"}],"replies":[{"embeddable":true,"href":"https:\/\/softlifevisco.com\/en\/wp-json\/wp\/v2\/comments?post=651"}],"version-history":[{"count":0,"href":"https:\/\/softlifevisco.com\/en\/wp-json\/wp\/v2\/pages\/651\/revisions"}],"wp:attachment":[{"href":"https:\/\/softlifevisco.com\/en\/wp-json\/wp\/v2\/media?parent=651"}],"curies":[{"name":"wp","href":"https:\/\/api.w.org\/{rel}","templated":true}]}}