{"id":8320,"date":"2020-12-15T12:01:41","date_gmt":"2020-12-15T12:01:41","guid":{"rendered":"https:\/\/softlife.pucka.com.tr\/?page_id=8320"},"modified":"2021-06-03T15:40:07","modified_gmt":"2021-06-03T12:40:07","slug":"lumbar-support-pillows","status":"publish","type":"page","link":"https:\/\/softlifevisco.com\/en\/lumbar-support-pillows\/","title":{"rendered":"Lumbar Support Pillows"},"content":{"rendered":"<div class=\"wpb-content-wrapper\"><p>[vc_row full_width=&#8221;stretch_row&#8221; parallax=&#8221;content-moving&#8221; parallax_image=&#8221;7309&#8243; css_animation=&#8221;none&#8221; el_class=&#8221;opacity-video-bg&#8221; css=&#8221;.vc_custom_1608039642775{margin-bottom: 8vh !important;padding-top: 15vh !important;padding-bottom: 7vh !important;background-position: 0 0;background-repeat: no-repeat !important;}&#8221; mobile_bg_img_hidden=&#8221;no&#8221; tablet_bg_img_hidden=&#8221;no&#8221; woodmart_parallax=&#8221;0&#8243; woodmart_gradient_switch=&#8221;no&#8221; row_reverse_mobile=&#8221;0&#8243; row_reverse_tablet=&#8221;0&#8243; woodmart_disable_overflow=&#8221;0&#8243; el_id=&#8221;urunler-title&#8221;][vc_column css=&#8221;.vc_custom_1499517305703{padding-top: 0px !important;}&#8221; el_class=&#8221;text-center&#8221;]\n\t\t<div id=\"wd-5fd8bcde1071a\" class=\"title-wrapper wd-wpb wd-set-mb reset-last-child  wd-rs-5fd8bcde1071a wd-title-color-white wd-title-style-default text-center  wd-width-enabled wd-underline-colored\" style=\"--wd-max-width: 70%;\">\n\t\t\t\n\t\t\t<div class=\"liner-continer\">\n\t\t\t\t<h4 class=\"woodmart-title-container title  wd-font-weight- wd-fontsize-xxxl\" >Lumbar Support Pillows<\/h4>\n\t\t\t\t\t\t\t<\/div>\n\t\t\t\n\t\t\t\t\t\t\t<div class=\"title-after_title reset-last-child  wd-fontsize-s\">Specially manufactured to help a proper sitting position ensuring spine remains aligned and relieve back and lower back pains. Supports lower back waist and helps you sit up straight.<\/div>\n\t\t\t\n\t\t\t\n\t\t<\/div>\n\t\t\n\t\t<div id=\"wd-5fea4c685679c\" class=\" wd-rs-5fea4c685679c  wd-button-wrapper text-center inline-element\"><a href=\"\/en\/memory-foam-products\/\" title=\"\" class=\"btn btn-color-white btn-style-default btn-shape-rectangle btn-size-default\">ALL PRODUCTS<\/a><\/div><div id=\"wd-5fd8bceb2d293\" class=\" wd-rs-5fd8bceb2d293  wd-button-wrapper text-center inline-element\"><a href=\"\/wp-content\/uploads\/2020\/12\/Softlife-2020-Catalogue.pdf\" title=\"\" class=\"btn btn-color-black btn-style-bordered btn-shape-rectangle btn-size-default\">PRODUCT CATALOG<\/a><\/div>[\/vc_column][\/vc_row][vc_row full_width=&#8221;stretch_row&#8221; content_placement=&#8221;middle&#8221; mobile_bg_img_hidden=&#8221;no&#8221; tablet_bg_img_hidden=&#8221;no&#8221; woodmart_parallax=&#8221;0&#8243; woodmart_gradient_switch=&#8221;no&#8221; row_reverse_mobile=&#8221;0&#8243; row_reverse_tablet=&#8221;0&#8243; woodmart_disable_overflow=&#8221;0&#8243;][vc_column][vc_column_text text_larger=&#8221;no&#8221;]<\/p>\n<p style=\"text-align: center;\"><style type=\"text\/css\">a.eg-henryharrison-element-1,a.eg-henryharrison-element-2{-webkit-transition:all .4s linear;   -moz-transition:all .4s linear;   -o-transition:all .4s linear;   -ms-transition:all .4s linear;   transition:all .4s linear}.eg-jimmy-carter-element-11 i:before{margin-left:0px; margin-right:0px}.eg-harding-element-17{letter-spacing:1px}.eg-harding-wrapper .esg-entry-media{overflow:hidden; box-sizing:border-box;   -webkit-box-sizing:border-box;   -moz-box-sizing:border-box;   padding:30px 30px 0px 30px}.eg-harding-wrapper .esg-media-poster{overflow:hidden; border-radius:50%;   -webkit-border-radius:50%;   -moz-border-radius:50%}.eg-ulysses-s-grant-wrapper .esg-entry-media{overflow:hidden; box-sizing:border-box;   -webkit-box-sizing:border-box;   -moz-box-sizing:border-box;   padding:30px 30px 0px 30px}.eg-ulysses-s-grant-wrapper .esg-media-poster{overflow:hidden; border-radius:50%;   -webkit-border-radius:50%;   -moz-border-radius:50%}.eg-richard-nixon-wrapper .esg-entry-media{overflow:hidden; box-sizing:border-box;   -webkit-box-sizing:border-box;   -moz-box-sizing:border-box;   padding:30px 30px 0px 30px}.eg-richard-nixon-wrapper .esg-media-poster{overflow:hidden; border-radius:50%;   -webkit-border-radius:50%;   -moz-border-radius:50%}.eg-herbert-hoover-wrapper .esg-media-poster{filter:url(\"data:image\/svg+xml;utf8,<svg xmlns='http:\/\/www.w3.org\/2000\/svg'><filter id='grayscale'><feColorMatrix type='matrix' values='0.3333 0.3333 0.3333 0 0 0.3333 0.3333 0.3333 0 0 0.3333 0.3333 0.3333 0 0 0 0 0 1 0'\/><\/filter><\/svg>#grayscale\");   filter:gray;   -webkit-filter:grayscale(100%)}.eg-herbert-hoover-wrapper:hover .esg-media-poster{filter:url(\"data:image\/svg+xml;utf8,<svg xmlns='http:\/\/www.w3.org\/2000\/svg'><filter id='grayscale'><feColorMatrix type='matrix' values='1 0 0 0 0,0 1 0 0 0,0 0 1 0 0,0 0 0 1 0'\/><\/filter><\/svg>#grayscale\");  -webkit-filter:grayscale(0%)}.eg-lyndon-johnson-wrapper .esg-media-poster{filter:url(\"data:image\/svg+xml;utf8,<svg xmlns='http:\/\/www.w3.org\/2000\/svg'><filter id='grayscale'><feColorMatrix type='matrix' values='0.3333 0.3333 0.3333 0 0 0.3333 0.3333 0.3333 0 0 0.3333 0.3333 0.3333 0 0 0 0 0 1 0'\/><\/filter><\/svg>#grayscale\");   filter:gray;   -webkit-filter:grayscale(100%)}.eg-lyndon-johnson-wrapper:hover .esg-media-poster{filter:url(\"data:image\/svg+xml;utf8,<svg xmlns='http:\/\/www.w3.org\/2000\/svg'><filter id='grayscale'><feColorMatrix type='matrix' values='1 0 0 0 0,0 1 0 0 0,0 0 1 0 0,0 0 0 1 0'\/><\/filter><\/svg>#grayscale\");  -webkit-filter:grayscale(0%)}.esg-overlay.eg-ronald-reagan-container{background:-moz-linear-gradient(top,rgba(0,0,0,0) 50%,rgba(0,0,0,0.83) 99%,rgba(0,0,0,0.85) 100%); background:-webkit-gradient(linear,left top,left bottom,color-stop(50%,rgba(0,0,0,0)),color-stop(99%,rgba(0,0,0,0.83)),color-stop(100%,rgba(0,0,0,0.85))); background:-webkit-linear-gradient(top,rgba(0,0,0,0) 50%,rgba(0,0,0,0.83) 99%,rgba(0,0,0,0.85) 100%); background:-o-linear-gradient(top,rgba(0,0,0,0) 50%,rgba(0,0,0,0.83) 99%,rgba(0,0,0,0.85) 100%); background:-ms-linear-gradient(top,rgba(0,0,0,0) 50%,rgba(0,0,0,0.83) 99%,rgba(0,0,0,0.85) 100%); background:linear-gradient(to bottom,rgba(0,0,0,0) 50%,rgba(0,0,0,0.83) 99%,rgba(0,0,0,0.85) 100%); filter:progid:DXImageTransform.Microsoft.gradient( startColorstr='#00000000',endColorstr='#d9000000',GradientType=0 )}.eg-georgebush-wrapper .esg-entry-cover{background:-moz-linear-gradient(top,rgba(0,0,0,0) 50%,rgba(0,0,0,0.83) 99%,rgba(0,0,0,0.85) 100%); background:-webkit-gradient(linear,left top,left bottom,color-stop(50%,rgba(0,0,0,0)),color-stop(99%,rgba(0,0,0,0.83)),color-stop(100%,rgba(0,0,0,0.85))); background:-webkit-linear-gradient(top,rgba(0,0,0,0) 50%,rgba(0,0,0,0.83) 99%,rgba(0,0,0,0.85) 100%); background:-o-linear-gradient(top,rgba(0,0,0,0) 50%,rgba(0,0,0,0.83) 99%,rgba(0,0,0,0.85) 100%); background:-ms-linear-gradient(top,rgba(0,0,0,0) 50%,rgba(0,0,0,0.83) 99%,rgba(0,0,0,0.85) 100%); background:linear-gradient(to bottom,rgba(0,0,0,0) 50%,rgba(0,0,0,0.83) 99%,rgba(0,0,0,0.85) 100%); filter:progid:DXImageTransform.Microsoft.gradient( startColorstr='#00000000',endColorstr='#d9000000',GradientType=0 )}.eg-jefferson-wrapper{-webkit-border-radius:5px !important; -moz-border-radius:5px !important; border-radius:5px !important; -webkit-mask-image:url(data:image\/png;base64,iVBORw0KGgoAAAANSUhEUgAAAAEAAAABCAIAAACQd1PeAAAAGXRFWHRTb2Z0d2FyZQBBZG9iZSBJbWFnZVJlYWR5ccllPAAAAA5JREFUeNpiYGBgAAgwAAAEAAGbA+oJAAAAAElFTkSuQmCC) !important}.eg-monroe-element-1{text-shadow:0px 1px 3px rgba(0,0,0,0.1)}.eg-lyndon-johnson-wrapper .esg-entry-cover{background:-moz-radial-gradient(center,ellipse cover,rgba(0,0,0,0.35) 0%,rgba(18,18,18,0) 96%,rgba(19,19,19,0) 100%); background:-webkit-gradient(radial,center center,0px,center center,100%,color-stop(0%,rgba(0,0,0,0.35)),color-stop(96%,rgba(18,18,18,0)),color-stop(100%,rgba(19,19,19,0))); background:-webkit-radial-gradient(center,ellipse cover,rgba(0,0,0,0.35) 0%,rgba(18,18,18,0) 96%,rgba(19,19,19,0) 100%); background:-o-radial-gradient(center,ellipse cover,rgba(0,0,0,0.35) 0%,rgba(18,18,18,0) 96%,rgba(19,19,19,0) 100%); background:-ms-radial-gradient(center,ellipse cover,rgba(0,0,0,0.35) 0%,rgba(18,18,18,0) 96%,rgba(19,19,19,0) 100%); background:radial-gradient(ellipse at center,rgba(0,0,0,0.35) 0%,rgba(18,18,18,0) 96%,rgba(19,19,19,0) 100%); filter:progid:DXImageTransform.Microsoft.gradient( startColorstr='#59000000',endColorstr='#00131313',GradientType=1 )}.eg-wilbert-wrapper .esg-entry-cover{background:-moz-radial-gradient(center,ellipse cover,rgba(0,0,0,0.35) 0%,rgba(18,18,18,0) 96%,rgba(19,19,19,0) 100%); background:-webkit-gradient(radial,center center,0px,center center,100%,color-stop(0%,rgba(0,0,0,0.35)),color-stop(96%,rgba(18,18,18,0)),color-stop(100%,rgba(19,19,19,0))); background:-webkit-radial-gradient(center,ellipse cover,rgba(0,0,0,0.35) 0%,rgba(18,18,18,0) 96%,rgba(19,19,19,0) 100%); background:-o-radial-gradient(center,ellipse cover,rgba(0,0,0,0.35) 0%,rgba(18,18,18,0) 96%,rgba(19,19,19,0) 100%); background:-ms-radial-gradient(center,ellipse cover,rgba(0,0,0,0.35) 0%,rgba(18,18,18,0) 96%,rgba(19,19,19,0) 100%); background:radial-gradient(ellipse at center,rgba(0,0,0,0.35) 0%,rgba(18,18,18,0) 96%,rgba(19,19,19,0) 100%); filter:progid:DXImageTransform.Microsoft.gradient( startColorstr='#59000000',endColorstr='#00131313',GradientType=1 )}.eg-wilbert-wrapper .esg-media-poster{-webkit-transition:0.4s ease-in-out;  -moz-transition:0.4s ease-in-out;  -o-transition:0.4s ease-in-out;  transition:0.4s ease-in-out;  filter:url(\"data:image\/svg+xml;utf8,<svg xmlns='http:\/\/www.w3.org\/2000\/svg'><filter id='grayscale'><feColorMatrix type='matrix' values='0.3333 0.3333 0.3333 0 0 0.3333 0.3333 0.3333 0 0 0.3333 0.3333 0.3333 0 0 0 0 0 1 0'\/><\/filter><\/svg>#grayscale\");   filter:gray;   -webkit-filter:grayscale(100%)}.eg-wilbert-wrapper:hover .esg-media-poster{filter:url(\"data:image\/svg+xml;utf8,<svg xmlns='http:\/\/www.w3.org\/2000\/svg'><filter id='grayscale'><feColorMatrix type='matrix' values='1 0 0 0 0,0 1 0 0 0,0 0 1 0 0,0 0 0 1 0'\/><\/filter><\/svg>#grayscale\");  -webkit-filter:grayscale(0%)}.eg-phillie-element-3:after{content:\" \";width:0px;height:0px;border-style:solid;border-width:5px 5px 0 5px;border-color:#000 transparent transparent transparent;left:50%;margin-left:-5px; bottom:-5px; position:absolute}.eg-howardtaft-wrapper .esg-media-poster{filter:url(\"data:image\/svg+xml;utf8,<svg xmlns='http:\/\/www.w3.org\/2000\/svg'><filter id='grayscale'><feColorMatrix type='matrix' values='1 0 0 0 0,0 1 0 0 0,0 0 1 0 0,0 0 0 1 0'\/><\/filter><\/svg>#grayscale\");  -webkit-filter:grayscale(0%)}.eg-howardtaft-wrapper:hover .esg-media-poster{filter:url(\"data:image\/svg+xml;utf8,<svg xmlns='http:\/\/www.w3.org\/2000\/svg'><filter id='grayscale'><feColorMatrix type='matrix' values='0.3333 0.3333 0.3333 0 0 0.3333 0.3333 0.3333 0 0 0.3333 0.3333 0.3333 0 0 0 0 0 1 0'\/><\/filter><\/svg>#grayscale\");   filter:gray;   -webkit-filter:grayscale(100%)}.myportfolio-container .added_to_cart.wc-forward{font-family:\"Open Sans\"; font-size:13px; color:#fff; margin-top:10px}.esgbox-title.esgbox-title-outside-wrap{font-size:15px; font-weight:700; text-align:center}.esgbox-title.esgbox-title-inside-wrap{padding-bottom:10px; font-size:15px; font-weight:700; text-align:center}<\/style>\n\n<p>[\/vc_column_text][\/vc_column][\/vc_row]<\/p>\n<\/div>","protected":false},"excerpt":{"rendered":"<p>[vc_row full_width=&#8221;stretch_row&#8221; parallax=&#8221;content-moving&#8221; parallax_image=&#8221;7309&#8243; css_animation=&#8221;none&#8221; el_class=&#8221;opacity-video-bg&#8221; css=&#8221;.vc_custom_1608039642775{margin-bottom: 8vh !important;padding-top: 15vh !important;padding-bottom: 7vh !important;background-position: 0 0;background-repeat: no-repeat !important;}&#8221; mobile_bg_img_hidden=&#8221;no&#8221; tablet_bg_img_hidden=&#8221;no&#8221; woodmart_parallax=&#8221;0&#8243;<\/p>\n","protected":false},"author":2,"featured_media":0,"parent":0,"menu_order":0,"comment_status":"closed","ping_status":"closed","template":"","meta":{"footnotes":""},"class_list":["post-8320","page","type-page","status-publish","hentry"],"yoast_head":"<!-- This site is optimized with the Yoast SEO Premium plugin v20.1 (Yoast SEO v27.4) - https:\/\/yoast.com\/product\/yoast-seo-premium-wordpress\/ -->\n<title>Lumbar Support Pillows | Softlife Memory Foam Products Manufacturer<\/title>\n<meta name=\"description\" content=\"Softlife Visko yast\u0131k \u00fcreticisi uyku yast\u0131klar\u0131, koltuk minderleri, seyahat yast\u0131klar\u0131, bebek yast\u0131klar\u0131, destek ve bel yast\u0131klar\u0131 \u00fcretir.\" \/>\n<meta name=\"robots\" content=\"index, follow, max-snippet:-1, max-image-preview:large, max-video-preview:-1\" \/>\n<link rel=\"canonical\" href=\"https:\/\/softlifevisco.com\/en\/lumbar-support-pillows\/\" \/>\n<meta property=\"og:locale\" content=\"en_US\" \/>\n<meta property=\"og:type\" content=\"article\" \/>\n<meta property=\"og:title\" content=\"Lumbar Support Pillows\" \/>\n<meta property=\"og:description\" content=\"Softlife Visko yast\u0131k \u00fcreticisi uyku yast\u0131klar\u0131, koltuk minderleri, seyahat yast\u0131klar\u0131, bebek yast\u0131klar\u0131, destek ve bel yast\u0131klar\u0131 \u00fcretir.\" \/>\n<meta property=\"og:url\" content=\"https:\/\/softlifevisco.com\/en\/lumbar-support-pillows\/\" \/>\n<meta property=\"og:site_name\" content=\"Softlife Memory Foam Products Manufacturer\" \/>\n<meta property=\"article:publisher\" content=\"https:\/\/www.facebook.com\/softlifevisco\" \/>\n<meta property=\"article:modified_time\" content=\"2021-06-03T12:40:07+00:00\" \/>\n<meta name=\"twitter:card\" content=\"summary_large_image\" \/>\n<meta name=\"twitter:label1\" content=\"Est. reading time\" \/>\n\t<meta name=\"twitter:data1\" content=\"1 minute\" \/>\n<script type=\"application\/ld+json\" class=\"yoast-schema-graph\">{\"@context\":\"https:\\\/\\\/schema.org\",\"@graph\":[{\"@type\":\"WebPage\",\"@id\":\"https:\\\/\\\/softlifevisco.com\\\/en\\\/lumbar-support-pillows\\\/\",\"url\":\"https:\\\/\\\/softlifevisco.com\\\/en\\\/lumbar-support-pillows\\\/\",\"name\":\"Lumbar Support Pillows | Softlife Memory Foam Products Manufacturer\",\"isPartOf\":{\"@id\":\"https:\\\/\\\/softlifevisco.com\\\/#website\"},\"datePublished\":\"2020-12-15T12:01:41+00:00\",\"dateModified\":\"2021-06-03T12:40:07+00:00\",\"description\":\"Softlife Visko yast\u0131k \u00fcreticisi uyku yast\u0131klar\u0131, koltuk minderleri, seyahat yast\u0131klar\u0131, bebek yast\u0131klar\u0131, destek ve bel yast\u0131klar\u0131 \u00fcretir.\",\"breadcrumb\":{\"@id\":\"https:\\\/\\\/softlifevisco.com\\\/en\\\/lumbar-support-pillows\\\/#breadcrumb\"},\"inLanguage\":\"en-US\",\"potentialAction\":[{\"@type\":\"ReadAction\",\"target\":[\"https:\\\/\\\/softlifevisco.com\\\/en\\\/lumbar-support-pillows\\\/\"]}]},{\"@type\":\"BreadcrumbList\",\"@id\":\"https:\\\/\\\/softlifevisco.com\\\/en\\\/lumbar-support-pillows\\\/#breadcrumb\",\"itemListElement\":[{\"@type\":\"ListItem\",\"position\":1,\"name\":\"Home\",\"item\":\"https:\\\/\\\/softlifevisco.com\\\/en\\\/\"},{\"@type\":\"ListItem\",\"position\":2,\"name\":\"Lumbar Support Pillows\"}]},{\"@type\":\"WebSite\",\"@id\":\"https:\\\/\\\/softlifevisco.com\\\/#website\",\"url\":\"https:\\\/\\\/softlifevisco.com\\\/\",\"name\":\"Softlife Memory Foam Products Manufacturer\",\"description\":\"Mattress &amp; Pillow Solutions\",\"publisher\":{\"@id\":\"https:\\\/\\\/softlifevisco.com\\\/#organization\"},\"potentialAction\":[{\"@type\":\"SearchAction\",\"target\":{\"@type\":\"EntryPoint\",\"urlTemplate\":\"https:\\\/\\\/softlifevisco.com\\\/?s={search_term_string}\"},\"query-input\":{\"@type\":\"PropertyValueSpecification\",\"valueRequired\":true,\"valueName\":\"search_term_string\"}}],\"inLanguage\":\"en-US\"},{\"@type\":\"Organization\",\"@id\":\"https:\\\/\\\/softlifevisco.com\\\/#organization\",\"name\":\"Softlife Visco Ortopedik Yast\u0131k \u00dcreticisi\",\"url\":\"https:\\\/\\\/softlifevisco.com\\\/\",\"logo\":{\"@type\":\"ImageObject\",\"inLanguage\":\"en-US\",\"@id\":\"https:\\\/\\\/softlifevisco.com\\\/#\\\/schema\\\/logo\\\/image\\\/\",\"url\":\"https:\\\/\\\/softlifevisco.com\\\/wp-content\\\/uploads\\\/2020\\\/12\\\/bursa-softlife-visco-yastik-alez-uretimi-logo.png\",\"contentUrl\":\"https:\\\/\\\/softlifevisco.com\\\/wp-content\\\/uploads\\\/2020\\\/12\\\/bursa-softlife-visco-yastik-alez-uretimi-logo.png\",\"width\":750,\"height\":255,\"caption\":\"Softlife Visco Ortopedik Yast\u0131k \u00dcreticisi\"},\"image\":{\"@id\":\"https:\\\/\\\/softlifevisco.com\\\/#\\\/schema\\\/logo\\\/image\\\/\"},\"sameAs\":[\"https:\\\/\\\/www.facebook.com\\\/softlifevisco\"]}]}<\/script>\n<!-- \/ Yoast SEO Premium plugin. -->","yoast_head_json":{"title":"Lumbar Support Pillows | Softlife Memory Foam Products Manufacturer","description":"Softlife Visko yast\u0131k \u00fcreticisi uyku yast\u0131klar\u0131, koltuk minderleri, seyahat yast\u0131klar\u0131, bebek yast\u0131klar\u0131, destek ve bel yast\u0131klar\u0131 \u00fcretir.","robots":{"index":"index","follow":"follow","max-snippet":"max-snippet:-1","max-image-preview":"max-image-preview:large","max-video-preview":"max-video-preview:-1"},"canonical":"https:\/\/softlifevisco.com\/en\/lumbar-support-pillows\/","og_locale":"en_US","og_type":"article","og_title":"Lumbar Support Pillows","og_description":"Softlife Visko yast\u0131k \u00fcreticisi uyku yast\u0131klar\u0131, koltuk minderleri, seyahat yast\u0131klar\u0131, bebek yast\u0131klar\u0131, destek ve bel yast\u0131klar\u0131 \u00fcretir.","og_url":"https:\/\/softlifevisco.com\/en\/lumbar-support-pillows\/","og_site_name":"Softlife Memory Foam Products Manufacturer","article_publisher":"https:\/\/www.facebook.com\/softlifevisco","article_modified_time":"2021-06-03T12:40:07+00:00","twitter_card":"summary_large_image","twitter_misc":{"Est. reading time":"1 minute"},"schema":{"@context":"https:\/\/schema.org","@graph":[{"@type":"WebPage","@id":"https:\/\/softlifevisco.com\/en\/lumbar-support-pillows\/","url":"https:\/\/softlifevisco.com\/en\/lumbar-support-pillows\/","name":"Lumbar Support Pillows | Softlife Memory Foam Products Manufacturer","isPartOf":{"@id":"https:\/\/softlifevisco.com\/#website"},"datePublished":"2020-12-15T12:01:41+00:00","dateModified":"2021-06-03T12:40:07+00:00","description":"Softlife Visko yast\u0131k \u00fcreticisi uyku yast\u0131klar\u0131, koltuk minderleri, seyahat yast\u0131klar\u0131, bebek yast\u0131klar\u0131, destek ve bel yast\u0131klar\u0131 \u00fcretir.","breadcrumb":{"@id":"https:\/\/softlifevisco.com\/en\/lumbar-support-pillows\/#breadcrumb"},"inLanguage":"en-US","potentialAction":[{"@type":"ReadAction","target":["https:\/\/softlifevisco.com\/en\/lumbar-support-pillows\/"]}]},{"@type":"BreadcrumbList","@id":"https:\/\/softlifevisco.com\/en\/lumbar-support-pillows\/#breadcrumb","itemListElement":[{"@type":"ListItem","position":1,"name":"Home","item":"https:\/\/softlifevisco.com\/en\/"},{"@type":"ListItem","position":2,"name":"Lumbar Support Pillows"}]},{"@type":"WebSite","@id":"https:\/\/softlifevisco.com\/#website","url":"https:\/\/softlifevisco.com\/","name":"Softlife Memory Foam Products Manufacturer","description":"Mattress &amp; Pillow Solutions","publisher":{"@id":"https:\/\/softlifevisco.com\/#organization"},"potentialAction":[{"@type":"SearchAction","target":{"@type":"EntryPoint","urlTemplate":"https:\/\/softlifevisco.com\/?s={search_term_string}"},"query-input":{"@type":"PropertyValueSpecification","valueRequired":true,"valueName":"search_term_string"}}],"inLanguage":"en-US"},{"@type":"Organization","@id":"https:\/\/softlifevisco.com\/#organization","name":"Softlife Visco Ortopedik Yast\u0131k \u00dcreticisi","url":"https:\/\/softlifevisco.com\/","logo":{"@type":"ImageObject","inLanguage":"en-US","@id":"https:\/\/softlifevisco.com\/#\/schema\/logo\/image\/","url":"https:\/\/softlifevisco.com\/wp-content\/uploads\/2020\/12\/bursa-softlife-visco-yastik-alez-uretimi-logo.png","contentUrl":"https:\/\/softlifevisco.com\/wp-content\/uploads\/2020\/12\/bursa-softlife-visco-yastik-alez-uretimi-logo.png","width":750,"height":255,"caption":"Softlife Visco Ortopedik Yast\u0131k \u00dcreticisi"},"image":{"@id":"https:\/\/softlifevisco.com\/#\/schema\/logo\/image\/"},"sameAs":["https:\/\/www.facebook.com\/softlifevisco"]}]}},"_links":{"self":[{"href":"https:\/\/softlifevisco.com\/en\/wp-json\/wp\/v2\/pages\/8320","targetHints":{"allow":["GET"]}}],"collection":[{"href":"https:\/\/softlifevisco.com\/en\/wp-json\/wp\/v2\/pages"}],"about":[{"href":"https:\/\/softlifevisco.com\/en\/wp-json\/wp\/v2\/types\/page"}],"author":[{"embeddable":true,"href":"https:\/\/softlifevisco.com\/en\/wp-json\/wp\/v2\/users\/2"}],"replies":[{"embeddable":true,"href":"https:\/\/softlifevisco.com\/en\/wp-json\/wp\/v2\/comments?post=8320"}],"version-history":[{"count":0,"href":"https:\/\/softlifevisco.com\/en\/wp-json\/wp\/v2\/pages\/8320\/revisions"}],"wp:attachment":[{"href":"https:\/\/softlifevisco.com\/en\/wp-json\/wp\/v2\/media?parent=8320"}],"curies":[{"name":"wp","href":"https:\/\/api.w.org\/{rel}","templated":true}]}}